{"id":137,"date":"2020-11-24T16:54:54","date_gmt":"2020-11-24T15:54:54","guid":{"rendered":"https:\/\/www2.1concept.de\/?page_id=137"},"modified":"2021-01-13T12:07:40","modified_gmt":"2021-01-13T11:07:40","slug":"ueber-uns","status":"publish","type":"page","link":"https:\/\/www.1concept.de\/index.php\/ueber-uns\/","title":{"rendered":"\u00dcBER UNS"},"content":{"rendered":"\n<div class=\"wp-block-group alignwide\"><div class=\"wp-block-group__inner-container is-layout-flow wp-block-group-is-layout-flow\">\n<div class=\"wp-block-group alignwide\"><div class=\"wp-block-group__inner-container is-layout-flow wp-block-group-is-layout-flow\">\n<div class=\"wp-block-group alignwide\"><div class=\"wp-block-group__inner-container is-layout-flow wp-block-group-is-layout-flow\">\n<div class=\"wp-block-group alignwide\"><div class=\"wp-block-group__inner-container is-layout-flow wp-block-group-is-layout-flow\">\n<div class=\"wp-block-group alignwide\"><div class=\"wp-block-group__inner-container is-layout-flow wp-block-group-is-layout-flow\">\n<figure class=\"wp-block-image alignwide size-large\"><img loading=\"lazy\" decoding=\"async\" width=\"724\" height=\"483\" src=\"https:\/\/www2.1concept.de\/wp-content\/uploads\/2021\/01\/iStock-817203484.jpg\" alt=\"\" class=\"wp-image-205\" srcset=\"https:\/\/www.1concept.de\/wp-content\/uploads\/2021\/01\/iStock-817203484.jpg 724w, https:\/\/www.1concept.de\/wp-content\/uploads\/2021\/01\/iStock-817203484-300x200.jpg 300w\" sizes=\"auto, (max-width: 724px) 100vw, 724px\" \/><\/figure>\n<\/div><\/div>\n\n\n\n<div class=\"wp-block-group\"><div class=\"wp-block-group__inner-container is-layout-flow wp-block-group-is-layout-flow\">\n<p>Aller Anfang ist schwer! Der Weg hierher war nicht immer einfach f\u00fcr uns. Aber wir w\u00fcrden um keinen Preis der Welt etwas daran \u00e4ndern. Unsere Erfahrungen haben uns zu dem gemacht, was wir heute sind &#8211; und wir haben aus unseren Fehlern gelernt. Davon k\u00f6nnen Sie heute profitieren. <\/p>\n<\/div><\/div>\n<\/div><\/div>\n\n\n\n<div class=\"wp-block-group\"><div class=\"wp-block-group__inner-container is-layout-flow wp-block-group-is-layout-flow\">\n<p>2003 gr\u00fcndeten wir dass erste Unternehmen im Bereich der Versicherungsberatung und bauten dieses ab 2005 um Finanzierungsvermittlung und Immobilien An- und Verkauf aus.<\/p>\n<\/div><\/div>\n\n\n\n<p>Heute k\u00fcmmern wir uns professionell um diese Bereiche und haben unsere Kompetenzen weiterhin vertieft und unser Netzwerk erweitert. Trotz der langen Erfahrung sind wir ein junges Team mit Spa\u00df an der Arbeit und dem Willen immer besser zu werden.<\/p>\n<\/div><\/div>\n\n\n\n<div class=\"wp-block-group\"><div class=\"wp-block-group__inner-container is-layout-flow wp-block-group-is-layout-flow\">\n<div class=\"wp-block-group\"><div class=\"wp-block-group__inner-container is-layout-flow wp-block-group-is-layout-flow\">\n<p><\/p>\n<\/div><\/div>\n<\/div><\/div>\n<\/div><\/div>\n<\/div><\/div>\n\n\n\n<div class=\"wp-block-group\"><div class=\"wp-block-group__inner-container is-layout-flow wp-block-group-is-layout-flow\">\n<p><br><br><br><br><br><\/p>\n<\/div><\/div>\n","protected":false},"excerpt":{"rendered":"<p>Aller Anfang ist schwer! Der Weg hierher war nicht immer einfach f\u00fcr uns. Aber wir w\u00fcrden um keinen Preis der Welt etwas daran \u00e4ndern. Unsere Erfahrungen haben uns zu dem gemacht, was wir heute sind &#8211; und wir haben aus unseren Fehlern gelernt. Davon k\u00f6nnen Sie heute profitieren. 2003 gr\u00fcndeten wir dass erste Unternehmen im &hellip; <\/p>\n<p class=\"link-more\"><a href=\"https:\/\/www.1concept.de\/index.php\/ueber-uns\/\" class=\"more-link\"><span class=\"screen-reader-text\">\u201e\u00dcBER UNS\u201c<\/span> weiterlesen<\/a><\/p>\n","protected":false},"author":1,"featured_media":0,"parent":0,"menu_order":0,"comment_status":"closed","ping_status":"closed","template":"","meta":{"footnotes":""},"class_list":["post-137","page","type-page","status-publish","hentry","entry"],"_links":{"self":[{"href":"https:\/\/www.1concept.de\/index.php\/wp-json\/wp\/v2\/pages\/137","targetHints":{"allow":["GET"]}}],"collection":[{"href":"https:\/\/www.1concept.de\/index.php\/wp-json\/wp\/v2\/pages"}],"about":[{"href":"https:\/\/www.1concept.de\/index.php\/wp-json\/wp\/v2\/types\/page"}],"author":[{"embeddable":true,"href":"https:\/\/www.1concept.de\/index.php\/wp-json\/wp\/v2\/users\/1"}],"replies":[{"embeddable":true,"href":"https:\/\/www.1concept.de\/index.php\/wp-json\/wp\/v2\/comments?post=137"}],"version-history":[{"count":5,"href":"https:\/\/www.1concept.de\/index.php\/wp-json\/wp\/v2\/pages\/137\/revisions"}],"predecessor-version":[{"id":214,"href":"https:\/\/www.1concept.de\/index.php\/wp-json\/wp\/v2\/pages\/137\/revisions\/214"}],"wp:attachment":[{"href":"https:\/\/www.1concept.de\/index.php\/wp-json\/wp\/v2\/media?parent=137"}],"curies":[{"name":"wp","href":"https:\/\/api.w.org\/{rel}","templated":true}]}}