{"id":132,"date":"2020-11-24T16:54:21","date_gmt":"2020-11-24T15:54:21","guid":{"rendered":"https:\/\/www2.1concept.de\/?page_id=132"},"modified":"2021-01-13T11:38:14","modified_gmt":"2021-01-13T10:38:14","slug":"dienstleistungen","status":"publish","type":"page","link":"https:\/\/www.1concept.de\/index.php\/dienstleistungen\/","title":{"rendered":"DIENSTLEISTUNGEN"},"content":{"rendered":"\n<div class=\"wp-block-group alignwide\"><div class=\"wp-block-group__inner-container is-layout-flow wp-block-group-is-layout-flow\">\n<div class=\"wp-block-columns alignwide is-layout-flex wp-container-core-columns-is-layout-9d6595d7 wp-block-columns-is-layout-flex\">\n<div class=\"wp-block-column is-layout-flow wp-block-column-is-layout-flow\">\n<figure class=\"wp-block-image size-large\"><img loading=\"lazy\" decoding=\"async\" width=\"724\" height=\"483\" src=\"https:\/\/www2.1concept.de\/wp-content\/uploads\/2021\/01\/iStock-1199060494.jpg\" alt=\"\" class=\"wp-image-200\" srcset=\"https:\/\/www.1concept.de\/wp-content\/uploads\/2021\/01\/iStock-1199060494.jpg 724w, https:\/\/www.1concept.de\/wp-content\/uploads\/2021\/01\/iStock-1199060494-300x200.jpg 300w\" sizes=\"auto, (max-width: 724px) 100vw, 724px\" \/><\/figure>\n\n\n\n<h4 class=\"wp-block-heading\">Versicherungsmakler und Finanzierungsvermittler<\/h4>\n\n\n\n<p>Wir lieben unsere Arbeit, daraus machen wir kein Geheimnis. Unsere gr\u00f6\u00dfte Zufriedenheit aber ziehen wir aus dem Erfolg unserer Kunden, den wir gemeinsam erreicht haben.\u00a0 Seit 2003 arbeiten wir im Versicherungsbereich. Unser Gesch\u00e4ftsfeld der Finanzierungsvermittlung kam 2006 hinzu.<br>Bedarfsanalysen z\u00e4hlen zu unseren Standards. Versicherungsberatung, Betreuung und \u00dcberpr\u00fcfung bestehender Vertr\u00e4ge, sowie die Unterst\u00fctzung im Schadensfall sind unsere St\u00e4rken.\u00a0<br>Die Finanzierungsberatung, sowie die Vermittlung von Krediten ist ein weiteres Steckenpferd.<\/p>\n<\/div>\n\n\n\n<div class=\"wp-block-column is-layout-flow wp-block-column-is-layout-flow\">\n<figure class=\"wp-block-image size-large\"><img loading=\"lazy\" decoding=\"async\" width=\"724\" height=\"483\" src=\"https:\/\/www2.1concept.de\/wp-content\/uploads\/2021\/01\/iStock-684757464.jpg\" alt=\"\" class=\"wp-image-201\" srcset=\"https:\/\/www.1concept.de\/wp-content\/uploads\/2021\/01\/iStock-684757464.jpg 724w, https:\/\/www.1concept.de\/wp-content\/uploads\/2021\/01\/iStock-684757464-300x200.jpg 300w\" sizes=\"auto, (max-width: 724px) 100vw, 724px\" \/><\/figure>\n\n\n\n<h4 class=\"wp-block-heading\">Immobilienmakler&nbsp;<\/h4>\n\n\n\n<p>Wir glauben an das, was wir tun. Und m\u00f6chten Sie bei dem unterst\u00fctzen, was Sie brauchen.<br>Sollten Sie auf der Suche nach neuen Wegen und kreativen und individuellen M\u00f6glichkeiten sein, sind Sie bei uns genau richtig.<br>Seit 2005 sind wir speziell auf dem Berliner Immobilienmarkt t\u00e4tig.<br>Immobilienbetreuung, An- und Verkauf, Bewertung\u00a0 sowie Baubetreuung sind unsere Gesch\u00e4ftsfelder.\u00a0<\/p>\n<\/div>\n\n\n\n<div class=\"wp-block-column is-layout-flow wp-block-column-is-layout-flow\">\n<figure class=\"wp-block-image size-large\"><img loading=\"lazy\" decoding=\"async\" width=\"706\" height=\"494\" src=\"https:\/\/www2.1concept.de\/wp-content\/uploads\/2021\/01\/iStock-691886452.jpg\" alt=\"\" class=\"wp-image-203\" srcset=\"https:\/\/www.1concept.de\/wp-content\/uploads\/2021\/01\/iStock-691886452.jpg 706w, https:\/\/www.1concept.de\/wp-content\/uploads\/2021\/01\/iStock-691886452-300x210.jpg 300w\" sizes=\"auto, (max-width: 706px) 100vw, 706px\" \/><\/figure>\n\n\n\n<h4 class=\"wp-block-heading\">1concept Makler<\/h4>\n\n\n\n<p>Wir bieten keine Standardl\u00f6sungen. Denn wir wissen: Jeder Kunde ist anders. Deshalb entwicklen wir in enger Absprache mit unseren Kunden individuelle und einzigartige Konzepte und L\u00f6sungen. Wenn Sie Fragen haben, nehmen Sie einfach Kontakt zu uns auf.<br>Wir sind spezialisiert, innovative und kreative L\u00f6sungen zu finden und Ihnen die Art der Zusammenarbeit anzubieten, die eine reibungslose Umsetzung erm\u00f6glicht.&nbsp;<\/p>\n<\/div>\n<\/div>\n<\/div><\/div>\n\n\n\n<p><\/p>\n","protected":false},"excerpt":{"rendered":"<p>Versicherungsmakler und Finanzierungsvermittler Wir lieben unsere Arbeit, daraus machen wir kein Geheimnis. Unsere gr\u00f6\u00dfte Zufriedenheit aber ziehen wir aus dem Erfolg unserer Kunden, den wir gemeinsam erreicht haben.\u00a0 Seit 2003 arbeiten wir im Versicherungsbereich. Unser Gesch\u00e4ftsfeld der Finanzierungsvermittlung kam 2006 hinzu.Bedarfsanalysen z\u00e4hlen zu unseren Standards. Versicherungsberatung, Betreuung und \u00dcberpr\u00fcfung bestehender Vertr\u00e4ge, sowie die Unterst\u00fctzung im &hellip; <\/p>\n<p class=\"link-more\"><a href=\"https:\/\/www.1concept.de\/index.php\/dienstleistungen\/\" class=\"more-link\"><span class=\"screen-reader-text\">\u201eDIENSTLEISTUNGEN\u201c<\/span> weiterlesen<\/a><\/p>\n","protected":false},"author":1,"featured_media":0,"parent":0,"menu_order":0,"comment_status":"closed","ping_status":"closed","template":"","meta":{"footnotes":""},"class_list":["post-132","page","type-page","status-publish","hentry","entry"],"_links":{"self":[{"href":"https:\/\/www.1concept.de\/index.php\/wp-json\/wp\/v2\/pages\/132","targetHints":{"allow":["GET"]}}],"collection":[{"href":"https:\/\/www.1concept.de\/index.php\/wp-json\/wp\/v2\/pages"}],"about":[{"href":"https:\/\/www.1concept.de\/index.php\/wp-json\/wp\/v2\/types\/page"}],"author":[{"embeddable":true,"href":"https:\/\/www.1concept.de\/index.php\/wp-json\/wp\/v2\/users\/1"}],"replies":[{"embeddable":true,"href":"https:\/\/www.1concept.de\/index.php\/wp-json\/wp\/v2\/comments?post=132"}],"version-history":[{"count":7,"href":"https:\/\/www.1concept.de\/index.php\/wp-json\/wp\/v2\/pages\/132\/revisions"}],"predecessor-version":[{"id":209,"href":"https:\/\/www.1concept.de\/index.php\/wp-json\/wp\/v2\/pages\/132\/revisions\/209"}],"wp:attachment":[{"href":"https:\/\/www.1concept.de\/index.php\/wp-json\/wp\/v2\/media?parent=132"}],"curies":[{"name":"wp","href":"https:\/\/api.w.org\/{rel}","templated":true}]}}